{"id":563,"date":"2019-12-12T20:56:44","date_gmt":"2019-12-12T20:56:44","guid":{"rendered":"https:\/\/neurologie-afradi.de\/?page_id=563"},"modified":"2020-01-27T14:35:13","modified_gmt":"2020-01-27T13:35:13","slug":"impressum","status":"publish","type":"page","link":"https:\/\/neurologie-afradi.de\/en\/impressum\/","title":{"rendered":"Impressum"},"content":{"rendered":"<div id='av_section_1'  class='avia-section av-k435s6r8-06dcb09aa704a6e5b0fe26386897825a alternate_color avia-section-default avia-no-border-styling  avia-builder-el-0  el_before_av_section  avia-builder-el-first  avia-bg-style-scroll av-minimum-height av-minimum-height-25 av-height-25  container_wrap fullsize'   data-av_minimum_height_pc='25' data-av_min_height_opt='25'><div class='container av-section-cont-open' ><main  role=\"main\" itemprop=\"mainContentOfPage\"  class='template-page content  av-content-full alpha units'><div class='post-entry post-entry-type-page post-entry-563'><div class='entry-content-wrapper clearfix'>\n\n<style type=\"text\/css\" data-created_by=\"avia_inline_auto\" id=\"style-css-av-k4377e9n-e4ca92efdf2cd9b2765b31f33dc83f2d\">\n#top .av-special-heading.av-k4377e9n-e4ca92efdf2cd9b2765b31f33dc83f2d{\npadding-bottom:20px;\nfont-size:40px;\n}\nbody .av-special-heading.av-k4377e9n-e4ca92efdf2cd9b2765b31f33dc83f2d .av-special-heading-tag .heading-char{\nfont-size:25px;\n}\n#top #wrap_all .av-special-heading.av-k4377e9n-e4ca92efdf2cd9b2765b31f33dc83f2d .av-special-heading-tag{\nfont-size:40px;\n}\n.av-special-heading.av-k4377e9n-e4ca92efdf2cd9b2765b31f33dc83f2d .av-subheading{\nfont-size:15px;\n}\n\n@media only screen and (min-width: 480px) and (max-width: 767px){ \n#top #wrap_all .av-special-heading.av-k4377e9n-e4ca92efdf2cd9b2765b31f33dc83f2d .av-special-heading-tag{\nfont-size:0.8em;\n}\n}\n\n@media only screen and (max-width: 479px){ \n#top #wrap_all .av-special-heading.av-k4377e9n-e4ca92efdf2cd9b2765b31f33dc83f2d .av-special-heading-tag{\nfont-size:0.8em;\n}\n}\n<\/style>\n<div  class='av-special-heading av-k4377e9n-e4ca92efdf2cd9b2765b31f33dc83f2d av-special-heading-h1 blockquote modern-quote modern-centered  avia-builder-el-1  avia-builder-el-no-sibling  av-inherit-size'><h1 class='av-special-heading-tag'  itemprop=\"headline\"  >IMPRESSUM<\/h1><div class=\"special-heading-border\"><div class=\"special-heading-inner-border\"><\/div><\/div><\/div>\n\n<\/div><\/div><\/main><!-- close content main element --><\/div><\/div><div id='av_section_2'  class='avia-section av-2wd52c-4a115a91dddbe697f435bff2455d2b77 main_color avia-section-huge avia-no-border-styling  avia-builder-el-2  el_after_av_section  avia-builder-el-last  avia-bg-style-scroll av-minimum-height av-minimum-height-75 av-height-75  container_wrap fullsize'   data-av_minimum_height_pc='75' data-av_min_height_opt='75'><div class='container av-section-cont-open' ><div class='template-page content  av-content-full alpha units'><div class='post-entry post-entry-type-page post-entry-563'><div class='entry-content-wrapper clearfix'>\n\n<style type=\"text\/css\" data-created_by=\"avia_inline_auto\" id=\"style-css-av-1r4al8-bd66465628c09f69bf0ca66844732252\">\n.flex_column.av-1r4al8-bd66465628c09f69bf0ca66844732252{\nborder-radius:0px 0px 0px 0px;\npadding:0px 0px 0px 0px;\n}\n<\/style>\n<div  class='flex_column av-1r4al8-bd66465628c09f69bf0ca66844732252 av_one_third  avia-builder-el-3  el_before_av_one_third  avia-builder-el-first  first flex_column_div av-zero-column-padding'     ><section  class='av_textblock_section av-1e6dfw-279c82d9a46e045860e7b1ab44eacf1d'   itemscope=\"itemscope\" itemtype=\"https:\/\/schema.org\/CreativeWork\" ><div class='avia_textblock'  itemprop=\"text\" ><p><strong>Verantwortlich f\u00fcr den Inhalt<\/strong><\/p>\n<p>Amirhossein Afradi<\/p>\n<p><strong>Angaben nach<\/strong><br \/>\n<strong> Telemediengesetz (TMG) \u00a7 5<\/strong><\/p>\n<p>Amirhossein Afradi<br \/>\nTalstra\u00dfe 4<br \/>\n40822 Mettmann<\/p>\n<p>Telefon:\u00a002 10 4 \/ 25 065<\/p>\n<p>E-Mail:\u00a0praxis@neurologie-afradi.de<\/p>\n<\/div><\/section><\/div>\n<style type=\"text\/css\" data-created_by=\"avia_inline_auto\" id=\"style-css-av-1r4al8-aa8a0c1022f05ba1c3d794256f1a3196\">\n.flex_column.av-1r4al8-aa8a0c1022f05ba1c3d794256f1a3196{\nborder-radius:0px 0px 0px 0px;\npadding:0px 0px 0px 0px;\n}\n<\/style>\n<div  class='flex_column av-1r4al8-aa8a0c1022f05ba1c3d794256f1a3196 av_one_third  avia-builder-el-5  el_after_av_one_third  el_before_av_one_third  flex_column_div av-zero-column-padding'     ><section  class='av_textblock_section av-1e6dfw-279c82d9a46e045860e7b1ab44eacf1d'   itemscope=\"itemscope\" itemtype=\"https:\/\/schema.org\/CreativeWork\" ><div class='avia_textblock'  itemprop=\"text\" ><p><strong>Gesetzliche Berufsbezeichnungen:<\/strong><\/p>\n<p>Arzt \u2013\u00a0Amirhossein Afradi<br \/>\nBerufsbezeichnung verliehen in der Bundesrepublik Deutschland<\/p>\n<p><strong>Zust\u00e4ndige \u00c4rztekammer:<\/strong><\/p>\n<p>\u00c4rztekammer Nordrhein<br \/>\nTersteegenstra\u00dfe 9<br \/>\n40474 D\u00fcsseldorf<\/p>\n<p>Telefon 0211 \u2013 4302-0<br \/>\nFax 0211 \u2013 4302-2009<br \/>\nE-Mail:\u00a0<a href=\"mailto:aerztekammer@aekno.de\" target=\"_blank\" rel=\"noopener noreferrer\">aerztekammer@aekno.de<br \/>\n<\/a>Internet:\u00a0<a href=\"http:\/\/www.aekno.de\/\" target=\"_blank\" rel=\"noopener noreferrer\">www.aekno.de<\/a><\/p>\n<\/div><\/section><\/div>\n<style type=\"text\/css\" data-created_by=\"avia_inline_auto\" id=\"style-css-av-1r4al8-aa8a0c1022f05ba1c3d794256f1a3196\">\n.flex_column.av-1r4al8-aa8a0c1022f05ba1c3d794256f1a3196{\nborder-radius:0px 0px 0px 0px;\npadding:0px 0px 0px 0px;\n}\n<\/style>\n<div  class='flex_column av-1r4al8-aa8a0c1022f05ba1c3d794256f1a3196 av_one_third  avia-builder-el-7  el_after_av_one_third  el_before_av_one_full  flex_column_div av-zero-column-padding'     ><section  class='av_textblock_section av-1e6dfw-279c82d9a46e045860e7b1ab44eacf1d'   itemscope=\"itemscope\" itemtype=\"https:\/\/schema.org\/CreativeWork\" ><div class='avia_textblock'  itemprop=\"text\" ><p><strong>Kassen\u00e4rztliche Vereinigung:<\/strong><\/p>\n<p>Nordrhein,\u00a0<a href=\"http:\/\/www.kvno.de\/\" target=\"_blank\" rel=\"noopener noreferrer\">www.kvno.de<br \/>\n<\/a>Tersteegenstra\u00dfe 9<br \/>\n40474 D\u00fcsseldorf<\/p>\n<p>Telefon 0211 \u2013 59 70-0<br \/>\nFax 0211 \u2013 59 70-82 87<br \/>\nE-Mail:\u00a0<a href=\"mailto:kvno.hauptstelle@kvno.de\">kvno.hauptstelle@kvno.de<\/a><\/p>\n<p><strong>Berufsordnung:\u2028<\/strong><\/p>\n<p>Die berufsrechtlichen Regelungen sind \u00fcber die Internetseiten der \u00c4rztekammer Nordrhein zug\u00e4nglich. Der direkte Link lautet: \u2028<a href=\"http:\/\/www.aekno.de\/page.asp?pageID=57\" target=\"_blank\" rel=\"noopener noreferrer\">http:\/\/www.aekno.de\/page.asp?pageID=57<\/a><\/p>\n<\/div><\/section><\/div>\n<style type=\"text\/css\" data-created_by=\"avia_inline_auto\" id=\"style-css-av-1r4al8-bd66465628c09f69bf0ca66844732252\">\n.flex_column.av-1r4al8-bd66465628c09f69bf0ca66844732252{\nborder-radius:0px 0px 0px 0px;\npadding:0px 0px 0px 0px;\n}\n<\/style>\n<div  class='flex_column av-1r4al8-bd66465628c09f69bf0ca66844732252 av_one_full  avia-builder-el-9  el_after_av_one_third  avia-builder-el-last  first flex_column_div av-zero-column-padding  column-top-margin'     ><section  class='av_textblock_section av-1e6dfw-279c82d9a46e045860e7b1ab44eacf1d'   itemscope=\"itemscope\" itemtype=\"https:\/\/schema.org\/CreativeWork\" ><div class='avia_textblock'  itemprop=\"text\" ><h1>Haftungsausschluss (Disclaimer)<\/h1>\n<p><strong>Haftung f\u00fcr Inhalte<\/strong><\/p>\n<p>Die Inhalte unserer Seiten wurden mit gr\u00f6\u00dfter Sorgfalt erstellt. F\u00fcr die Richtigkeit, Vollst\u00e4ndigkeit und Aktualit\u00e4t der Inhalte k\u00f6nnen wir jedoch keine Gew\u00e4hr \u00fcbernehmen. Als Diensteanbieter sind wir gem\u00e4\u00df \u00a7 7 Abs.1 TMG f\u00fcr eigene Inhalte auf diesen Seiten nach den allgemeinen Gesetzen verantwortlich. Nach \u00a7\u00a7 8 bis 10 TMG sind wir als Diensteanbieter jedoch nicht verpflichtet, \u00fcbermittelte oder gespeicherte fremde Informationen zu \u00fcberwachen oder nach Umst\u00e4nden zu forschen, die auf eine rechtswidrige T\u00e4tigkeit hinweisen. Verpflichtungen zur Entfernung oder Sperrung der Nutzung von Informationen nach den allgemeinen Gesetzen bleiben hiervon unber\u00fchrt. Eine diesbez\u00fcgliche Haftung ist jedoch erst ab dem Zeitpunkt der Kenntnis einer konkreten Rechtsverletzung m\u00f6glich. Bei Bekanntwerden von entsprechenden Rechtsverletzungen werden wir diese Inhalte umgehend entfernen.<\/p>\n<p><strong>Haftung f\u00fcr Links<\/strong><\/p>\n<p>Unser Angebot enth\u00e4lt Links zu externen Webseiten Dritter, auf deren Inhalte wir keinen Einfluss haben. Deshalb k\u00f6nnen wir f\u00fcr diese fremden Inhalte auch keine Gew\u00e4hr \u00fcbernehmen. F\u00fcr die Inhalte der verlinkten Seiten ist stets der jeweilige Anbieter oder Betreiber der Seiten verantwortlich. Die verlinkten Seiten wurden zum Zeitpunkt der Verlinkung auf m\u00f6gliche Rechtsverst\u00f6\u00dfe \u00fcberpr\u00fcft. Rechtswidrige Inhalte waren zum Zeitpunkt der Verlinkung nicht erkennbar. Eine permanente inhaltliche Kontrolle der verlinkten Seiten ist jedoch ohne konkrete Anhaltspunkte einer Rechtsverletzung nicht zumutbar. Bei Bekanntwerden von Rechtsverletzungen werden wir derartige Links umgehend entfernen.<\/p>\n<p><strong>Urheberrecht<\/strong><\/p>\n<p>Die durch die Seitenbetreiber erstellten Inhalte und Werke auf diesen Seiten unterliegen dem deutschen Urheberrecht. Die Vervielf\u00e4ltigung, Bearbeitung, Verbreitung und jede Art der Verwertung au\u00dferhalb der Grenzen des Urheberrechtes bed\u00fcrfen der schriftlichen Zustimmung des jeweiligen Autors bzw. Erstellers. Downloads und Kopien dieser Seite sind nur f\u00fcr den privaten, nicht kommerziellen Gebrauch gestattet. Soweit die Inhalte auf dieser Seite nicht vom Betreiber erstellt wurden, werden die Urheberrechte Dritter beachtet. Insbesondere werden Inhalte Dritter als solche gekennzeichnet. Sollten Sie trotzdem auf eine Urheberrechtsverletzung aufmerksam werden, bitten wir um einen entsprechenden Hinweis. Bei Bekanntwerden von Rechtsverletzungen werden wir derartige Inhalte umgehend entfernen.<\/p>\n<\/div><\/section><\/div>","protected":false},"excerpt":{"rendered":"","protected":false},"author":1,"featured_media":0,"parent":0,"menu_order":0,"comment_status":"open","ping_status":"closed","template":"","meta":{"footnotes":""},"class_list":["post-563","page","type-page","status-publish","hentry"],"_links":{"self":[{"href":"https:\/\/neurologie-afradi.de\/en\/wp-json\/wp\/v2\/pages\/563","targetHints":{"allow":["GET"]}}],"collection":[{"href":"https:\/\/neurologie-afradi.de\/en\/wp-json\/wp\/v2\/pages"}],"about":[{"href":"https:\/\/neurologie-afradi.de\/en\/wp-json\/wp\/v2\/types\/page"}],"author":[{"embeddable":true,"href":"https:\/\/neurologie-afradi.de\/en\/wp-json\/wp\/v2\/users\/1"}],"replies":[{"embeddable":true,"href":"https:\/\/neurologie-afradi.de\/en\/wp-json\/wp\/v2\/comments?post=563"}],"version-history":[{"count":0,"href":"https:\/\/neurologie-afradi.de\/en\/wp-json\/wp\/v2\/pages\/563\/revisions"}],"wp:attachment":[{"href":"https:\/\/neurologie-afradi.de\/en\/wp-json\/wp\/v2\/media?parent=563"}],"curies":[{"name":"wp","href":"https:\/\/api.w.org\/{rel}","templated":true}]}}